{"id":3672,"date":"2023-06-29T09:40:56","date_gmt":"2023-06-29T09:40:56","guid":{"rendered":"https:\/\/aitotcevrei.ro\/artandcraft\/?page_id=3672"},"modified":"2023-07-02T16:06:38","modified_gmt":"2023-07-02T16:06:38","slug":"qr-code","status":"publish","type":"page","link":"https:\/\/aitotcevrei.ro\/artandcraft\/qr-code\/","title":{"rendered":"QR Code"},"content":{"rendered":"<h4 class=\"wp-block-heading\"><strong>Ce este si cum functioneaza?<\/strong><\/h4><div class=\"wp-block-image\"><figure class=\"alignright size-full is-resized\"><img loading=\"lazy\" decoding=\"async\" src=\"https:\/\/aitotcevrei.ro\/artandcraft\/wp-content\/uploads\/2023\/06\/qr.jpg\" alt=\"qr code\" class=\"wp-image-3680\" width=\"503\" height=\"227\" srcset=\"https:\/\/aitotcevrei.ro\/artandcraft\/wp-content\/uploads\/2023\/06\/qr.jpg 499w, https:\/\/aitotcevrei.ro\/artandcraft\/wp-content\/uploads\/2023\/06\/qr-300x135.jpg 300w, https:\/\/aitotcevrei.ro\/artandcraft\/wp-content\/uploads\/2023\/06\/qr-370x167.jpg 370w\" sizes=\"auto, (max-width: 503px) 100vw, 503px\" \/><\/figure><\/div><h5 class=\"wp-block-heading\">Un cod QR func\u021bioneaz\u0103 similar codurilor de bare din supermarket. Fiecare cod QR const\u0103 \u00een p\u0103trate negre \u0219i puncte care reprezint\u0103 diferite informa\u021bii. C\u00e2nd este scanat, modelul unic de pe codul de bare se traduce \u00een date care pot fi citite de om. Aceast\u0103 tranzac\u021bie are loc \u00een c\u00e2teva secunde.<\/h5><h5 class=\"wp-block-heading\">Utilizatorii trebuie s\u0103 scaneze codul cu un cititor sau scaner QR, de\u0219i \u00een prezent majoritatea oamenilor scaneaz\u0103 coduri QR cu camera foto de la smartphone-uri. \u00cen cazul \u00een care telefonul t\u0103u nu are capacitatea, exist\u0103 o mul\u021bime de aplica\u021bii gratuite pentru scanarea QR.<\/h5><h5 class=\"wp-block-heading\">Pe scurt, codurile QR sunt coduri de bare scanabile care stocheaz\u0103 date. \u00cen sfera de marketing, acestea sunt utilizate \u00een mod obi\u0219nuit pentru a redirec\u021biona utilizatorii c\u0103tre pagini de destina\u021bie, site-uri web, profiluri de re\u021bele sociale sau cupoane de magazin.<\/h5><hr class=\"wp-block-separator has-css-opacity is-style-default\"\/><div class=\"wp-block-image\"><figure class=\"alignleft size-full is-resized\"><img loading=\"lazy\" decoding=\"async\" src=\"https:\/\/aitotcevrei.ro\/artandcraft\/wp-content\/uploads\/2023\/06\/carte-de-vizita-contactless.jpg\" alt=\"carte de vizita contactless\" class=\"wp-image-3629\" width=\"207\" height=\"138\"\/><\/figure><\/div><h5 class=\"wp-block-heading\">De exemplu, cineva poate plasa un cod QR pe \u200b\u200bspatele <a href=\"https:\/\/aitotcevrei.ro\/artandcraft\/product\/carte-de-vizita-contactless\/\">c\u0103r\u021bii de vizit\u0103<\/a> pentru a v\u0103 direc\u021biona c\u0103tre profilul s\u0103u sau pentru a va salva rapid, in telefon, datele sale de contact.<\/h5><h5 class=\"wp-block-heading\">Sau poate fi aplicat pe un<a href=\"https:\/\/aitotcevrei.ro\/artandcraft\/product\/suport-pahar-coaster-cu-qr-code\/\" data-type=\"product\" data-id=\"3868\"> coaster (suport de pahar)<\/a>, asa incat invitatii dvs. nu va vor intreba pe rand despre datele de login la Wi-Fi,<\/h5><h5 class=\"wp-block-heading\"> un <a href=\"https:\/\/aitotcevrei.ro\/artandcraft\/product\/breloc-qr-code\/\" data-type=\"product\" data-id=\"3865\">breloc<\/a> sau, de ce nu, un mesaj de dragoste tiparit pe o <a href=\"https:\/\/aitotcevrei.ro\/artandcraft\/product\/cana-cu-qr-code-mesaj\/\" data-type=\"product\" data-id=\"3726\">cana<\/a>.<\/h5><hr class=\"wp-block-separator has-css-opacity is-style-wide\"\/><div class=\"wp-block-columns alignfull has-text-color has-background is-layout-flex wp-container-core-columns-is-layout-9d6595d7 wp-block-columns-is-layout-flex\" style=\"color:#000000;background-color:#ffffff\"><div class=\"wp-block-column is-layout-flow wp-block-column-is-layout-flow\"><ul class=\"wp-block-list\"><li><strong>Utilizati codul QR ca o <a href=\"https:\/\/aitotcevrei.ro\/artandcraft\/product\/carte-de-vizita-contactless\/\" data-type=\"product\" data-id=\"3627\">carte de vizita virtuala<\/a> pentru a distribui datele de contact cu potentialii clienti.<\/strong><\/li><\/ul><\/div>\n\n<div class=\"wp-block-column is-layout-flow wp-block-column-is-layout-flow\"><ul class=\"wp-block-list\"><li><strong>Utiliza\u021bi codul QR pentru a trimite f\u0103r\u0103 probleme coordonatele loca\u021biei.<\/strong><\/li><\/ul><\/div>\n\n<div class=\"wp-block-column is-layout-flow wp-block-column-is-layout-flow\"><ul class=\"wp-block-list\"><li><strong>Utiliza\u021bi codul QR \u00een locul unui num\u0103r de telefon pentru a apela organiza\u021bia dvs.<\/strong><\/li><\/ul><\/div><\/div><div class=\"wp-block-columns alignfull has-text-color has-background is-layout-flex wp-container-core-columns-is-layout-9d6595d7 wp-block-columns-is-layout-flex\" style=\"color:#000000;background-color:#ffffff\"><div class=\"wp-block-column is-layout-flow wp-block-column-is-layout-flow\"><ul class=\"wp-block-list\"><li><strong>Utilizati codul QR pentru a trimite un text sau un e-mail prestabilit.<\/strong><\/li><\/ul><\/div>\n\n<div class=\"wp-block-column is-layout-flow wp-block-column-is-layout-flow\"><ul class=\"wp-block-list\"><li><strong>In magazin plasa\u021bi codul QR l\u00e2ng\u0103 u\u0219\u0103 pentru a permite clien\u021bilor s\u0103 se conecteze cu u\u0219urin\u021b\u0103 la Wi-Fi-ul magazinului.<\/strong><\/li><\/ul><\/div>\n\n<div class=\"wp-block-column is-layout-flow wp-block-column-is-layout-flow\"><ul class=\"wp-block-list\"><li><strong>La restaurant, utiliza\u021bi un cod QR ca meniu pentru clienti, f\u0103r\u0103 h\u00e2rtie \u0219i f\u0103r\u0103 contact.<\/strong><\/li><\/ul><\/div><\/div><hr class=\"wp-block-separator has-css-opacity is-style-wide\"\/><div data-block-name=\"woocommerce\/product-tag\" data-tags=\"[261]\" class=\"wc-block-grid wp-block-product-tag wp-block-woocommerce-product-tag wc-block-product-tag has-3-columns has-multiple-rows\"><ul class=\"wc-block-grid__products\"><li class=\"wc-block-grid__product\">\n\t\t\t\t<a href=\"https:\/\/aitotcevrei.ro\/artandcraft\/product\/suport-pahar-coaster-cu-qr-code\/\" class=\"wc-block-grid__product-link\">\n\t\t\t\t\t\n\t\t\t\t\t<div class=\"wc-block-grid__product-image\"><img loading=\"lazy\" decoding=\"async\" width=\"300\" height=\"300\" src=\"https:\/\/aitotcevrei.ro\/artandcraft\/wp-content\/uploads\/2023\/07\/suport-pahar-qr-code-300x300.jpg\" class=\"attachment-woocommerce_thumbnail size-woocommerce_thumbnail\" alt=\"suport pahar qr code\" srcset=\"https:\/\/aitotcevrei.ro\/artandcraft\/wp-content\/uploads\/2023\/07\/suport-pahar-qr-code-300x300.jpg 300w, https:\/\/aitotcevrei.ro\/artandcraft\/wp-content\/uploads\/2023\/07\/suport-pahar-qr-code-1024x1024.jpg 1024w, https:\/\/aitotcevrei.ro\/artandcraft\/wp-content\/uploads\/2023\/07\/suport-pahar-qr-code-150x150.jpg 150w, https:\/\/aitotcevrei.ro\/artandcraft\/wp-content\/uploads\/2023\/07\/suport-pahar-qr-code-768x768.jpg 768w, https:\/\/aitotcevrei.ro\/artandcraft\/wp-content\/uploads\/2023\/07\/suport-pahar-qr-code-1536x1536.jpg 1536w, https:\/\/aitotcevrei.ro\/artandcraft\/wp-content\/uploads\/2023\/07\/suport-pahar-qr-code-370x370.jpg 370w, https:\/\/aitotcevrei.ro\/artandcraft\/wp-content\/uploads\/2023\/07\/suport-pahar-qr-code-600x600.jpg 600w, https:\/\/aitotcevrei.ro\/artandcraft\/wp-content\/uploads\/2023\/07\/suport-pahar-qr-code-100x100.jpg 100w, https:\/\/aitotcevrei.ro\/artandcraft\/wp-content\/uploads\/2023\/07\/suport-pahar-qr-code.jpg 1800w\" sizes=\"auto, (max-width: 300px) 100vw, 300px\" \/><\/div>\n\t\t\t\t\t<div class=\"wc-block-grid__product-title\">Suport Pahar &#8211; Coaster-cu QR Code<\/div>\n\t\t\t\t<\/a>\n\t\t\t\t<div class=\"wc-block-grid__product-price price\"><span class=\"woocommerce-Price-amount amount\">15,00&nbsp;<span class=\"woocommerce-Price-currencySymbol\">lei<\/span><\/span><\/div>\n\t\t\t\t\n\t\t\t\t<div class=\"wp-block-button wc-block-grid__product-add-to-cart\"><a href=\"?add-to-cart=3868\" aria-label=\"Add to cart: &ldquo;Suport Pahar - Coaster-cu QR Code&rdquo;\" data-quantity=\"1\" data-product_id=\"3868\" data-product_sku=\"0207-01\" data-price=\"15\" rel=\"nofollow\" class=\"wp-block-button__link  add_to_cart_button ajax_add_to_cart\">Add to cart<\/a><\/div>\n\t\t\t<\/li><li class=\"wc-block-grid__product\">\n\t\t\t\t<a href=\"https:\/\/aitotcevrei.ro\/artandcraft\/product\/breloc-qr-code\/\" class=\"wc-block-grid__product-link\">\n\t\t\t\t\t\n\t\t\t\t\t<div class=\"wc-block-grid__product-image\"><img loading=\"lazy\" decoding=\"async\" width=\"300\" height=\"300\" src=\"https:\/\/aitotcevrei.ro\/artandcraft\/wp-content\/uploads\/2023\/07\/breloc-qr-code-300x300.jpg\" class=\"attachment-woocommerce_thumbnail size-woocommerce_thumbnail\" alt=\"breloc qr code\" srcset=\"https:\/\/aitotcevrei.ro\/artandcraft\/wp-content\/uploads\/2023\/07\/breloc-qr-code-300x300.jpg 300w, https:\/\/aitotcevrei.ro\/artandcraft\/wp-content\/uploads\/2023\/07\/breloc-qr-code-150x150.jpg 150w, https:\/\/aitotcevrei.ro\/artandcraft\/wp-content\/uploads\/2023\/07\/breloc-qr-code-100x100.jpg 100w\" sizes=\"auto, (max-width: 300px) 100vw, 300px\" \/><\/div>\n\t\t\t\t\t<div class=\"wc-block-grid__product-title\">Breloc QR Code<\/div>\n\t\t\t\t<\/a>\n\t\t\t\t<div class=\"wc-block-grid__product-price price\"><span class=\"woocommerce-Price-amount amount\">10,00&nbsp;<span class=\"woocommerce-Price-currencySymbol\">lei<\/span><\/span><\/div>\n\t\t\t\t\n\t\t\t\t<div class=\"wp-block-button wc-block-grid__product-add-to-cart\"><a href=\"?add-to-cart=3865\" aria-label=\"Add to cart: &ldquo;Breloc QR Code&rdquo;\" data-quantity=\"1\" data-product_id=\"3865\" data-product_sku=\"0107-01\" data-price=\"10\" rel=\"nofollow\" class=\"wp-block-button__link  add_to_cart_button ajax_add_to_cart\">Add to cart<\/a><\/div>\n\t\t\t<\/li><li class=\"wc-block-grid__product\">\n\t\t\t\t<a href=\"https:\/\/aitotcevrei.ro\/artandcraft\/product\/cana-cu-qr-code-mesaj\/\" class=\"wc-block-grid__product-link\">\n\t\t\t\t\t\n\t\t\t\t\t<div class=\"wc-block-grid__product-image\"><img loading=\"lazy\" decoding=\"async\" width=\"300\" height=\"300\" src=\"https:\/\/aitotcevrei.ro\/artandcraft\/wp-content\/uploads\/2023\/06\/cana-qr-code-300x300.jpg\" class=\"attachment-woocommerce_thumbnail size-woocommerce_thumbnail\" alt=\"cana qr code\" srcset=\"https:\/\/aitotcevrei.ro\/artandcraft\/wp-content\/uploads\/2023\/06\/cana-qr-code-300x300.jpg 300w, https:\/\/aitotcevrei.ro\/artandcraft\/wp-content\/uploads\/2023\/06\/cana-qr-code-150x150.jpg 150w, https:\/\/aitotcevrei.ro\/artandcraft\/wp-content\/uploads\/2023\/06\/cana-qr-code-100x100.jpg 100w\" sizes=\"auto, (max-width: 300px) 100vw, 300px\" \/><\/div>\n\t\t\t\t\t<div class=\"wc-block-grid__product-title\">Cana cu QR Code mesaj<\/div>\n\t\t\t\t<\/a>\n\t\t\t\t<div class=\"wc-block-grid__product-price price\"><span class=\"woocommerce-Price-amount amount\">45,00&nbsp;<span class=\"woocommerce-Price-currencySymbol\">lei<\/span><\/span><\/div>\n\t\t\t\t\n\t\t\t\t<div class=\"wp-block-button wc-block-grid__product-add-to-cart\"><a href=\"?add-to-cart=3726\" aria-label=\"Add to cart: &ldquo;Cana cu QR Code mesaj&rdquo;\" data-quantity=\"1\" data-product_id=\"3726\" data-product_sku=\"2906-01\" data-price=\"45\" rel=\"nofollow\" class=\"wp-block-button__link  add_to_cart_button ajax_add_to_cart\">Add to cart<\/a><\/div>\n\t\t\t<\/li><li class=\"wc-block-grid__product\">\n\t\t\t\t<a href=\"https:\/\/aitotcevrei.ro\/artandcraft\/product\/carte-de-vizita-contactless\/\" class=\"wc-block-grid__product-link\">\n\t\t\t\t\t\n\t\t\t\t\t<div class=\"wc-block-grid__product-image\"><img loading=\"lazy\" decoding=\"async\" width=\"300\" height=\"300\" src=\"https:\/\/aitotcevrei.ro\/artandcraft\/wp-content\/uploads\/2023\/06\/carte-vizita-qr-code-m2-300x300.jpg\" class=\"attachment-woocommerce_thumbnail size-woocommerce_thumbnail\" alt=\"carte vizita qr code\" srcset=\"https:\/\/aitotcevrei.ro\/artandcraft\/wp-content\/uploads\/2023\/06\/carte-vizita-qr-code-m2-300x300.jpg 300w, https:\/\/aitotcevrei.ro\/artandcraft\/wp-content\/uploads\/2023\/06\/carte-vizita-qr-code-m2-150x150.jpg 150w, https:\/\/aitotcevrei.ro\/artandcraft\/wp-content\/uploads\/2023\/06\/carte-vizita-qr-code-m2-100x100.jpg 100w\" sizes=\"auto, (max-width: 300px) 100vw, 300px\" \/><\/div>\n\t\t\t\t\t<div class=\"wc-block-grid__product-title\">Carte de vizita QR Code -Contactless<\/div>\n\t\t\t\t<\/a>\n\t\t\t\t<div class=\"wc-block-grid__product-price price\"><span class=\"woocommerce-Price-amount amount\">15,00&nbsp;<span class=\"woocommerce-Price-currencySymbol\">lei<\/span><\/span> &ndash; <span class=\"woocommerce-Price-amount amount\">25,00&nbsp;<span class=\"woocommerce-Price-currencySymbol\">lei<\/span><\/span><\/div>\n\t\t\t\t\n\t\t\t\t<div class=\"wp-block-button wc-block-grid__product-add-to-cart\"><a href=\"https:\/\/aitotcevrei.ro\/artandcraft\/product\/carte-de-vizita-contactless\/\" aria-label=\"Select options for &ldquo;Carte de vizita QR Code -Contactless&rdquo;\" data-quantity=\"1\" data-product_id=\"3627\" data-product_sku=\"0623-01\" data-price=\"15\" rel=\"nofollow\" class=\"wp-block-button__link  add_to_cart_button\">Select options<\/a><\/div>\n\t\t\t<\/li><\/ul><\/div>","protected":false},"excerpt":{"rendered":"<p>Ce este si cum functioneaza? Un cod QR func\u021bioneaz\u0103 similar codurilor de bare din supermarket. Fiecare cod QR const\u0103 \u00een p\u0103trate negre \u0219i puncte care reprezint\u0103 diferite informa\u021bii. C\u00e2nd este scanat, modelul unic de pe codul de bare se traduce \u00een date care pot fi citite de om. Aceast\u0103 tranzac\u021bie are loc \u00een c\u00e2teva secunde.&hellip;<\/p>\n","protected":false},"author":1,"featured_media":0,"parent":0,"menu_order":0,"comment_status":"closed","ping_status":"closed","template":"","meta":{"footnotes":""},"class_list":["post-3672","page","type-page","status-publish","hentry"],"yoast_head":"<!-- This site is optimized with the Yoast SEO plugin v20.12 - https:\/\/yoast.com\/wordpress\/plugins\/seo\/ -->\n<title>QR Code - AiTotCeVrei<\/title>\n<meta name=\"robots\" content=\"index, follow, max-snippet:-1, max-image-preview:large, max-video-preview:-1\" \/>\n<link rel=\"canonical\" href=\"https:\/\/aitotcevrei.ro\/artandcraft\/qr-code\/\" \/>\n<meta property=\"og:locale\" content=\"en_US\" \/>\n<meta property=\"og:type\" content=\"article\" \/>\n<meta property=\"og:title\" content=\"QR Code - AiTotCeVrei\" \/>\n<meta property=\"og:description\" content=\"Ce este si cum functioneaza? Un cod QR func\u021bioneaz\u0103 similar codurilor de bare din supermarket. Fiecare cod QR const\u0103 \u00een p\u0103trate negre \u0219i puncte care reprezint\u0103 diferite informa\u021bii. C\u00e2nd este scanat, modelul unic de pe codul de bare se traduce \u00een date care pot fi citite de om. Aceast\u0103 tranzac\u021bie are loc \u00een c\u00e2teva secunde.&hellip;\" \/>\n<meta property=\"og:url\" content=\"https:\/\/aitotcevrei.ro\/artandcraft\/qr-code\/\" \/>\n<meta property=\"og:site_name\" content=\"AiTotCeVrei\" \/>\n<meta property=\"article:modified_time\" content=\"2023-07-02T16:06:38+00:00\" \/>\n<meta property=\"og:image\" content=\"https:\/\/aitotcevrei.ro\/artandcraft\/wp-content\/uploads\/2023\/06\/qr.jpg\" \/>\n<meta name=\"twitter:card\" content=\"summary_large_image\" \/>\n<meta name=\"twitter:label1\" content=\"Est. reading time\" \/>\n\t<meta name=\"twitter:data1\" content=\"2 minutes\" \/>\n<script type=\"application\/ld+json\" class=\"yoast-schema-graph\">{\"@context\":\"https:\/\/schema.org\",\"@graph\":[{\"@type\":\"WebPage\",\"@id\":\"https:\/\/aitotcevrei.ro\/artandcraft\/qr-code\/\",\"url\":\"https:\/\/aitotcevrei.ro\/artandcraft\/qr-code\/\",\"name\":\"QR Code - AiTotCeVrei\",\"isPartOf\":{\"@id\":\"https:\/\/aitotcevrei.ro\/artandcraft\/#website\"},\"datePublished\":\"2023-06-29T09:40:56+00:00\",\"dateModified\":\"2023-07-02T16:06:38+00:00\",\"breadcrumb\":{\"@id\":\"https:\/\/aitotcevrei.ro\/artandcraft\/qr-code\/#breadcrumb\"},\"inLanguage\":\"en-US\",\"potentialAction\":[{\"@type\":\"ReadAction\",\"target\":[\"https:\/\/aitotcevrei.ro\/artandcraft\/qr-code\/\"]}]},{\"@type\":\"BreadcrumbList\",\"@id\":\"https:\/\/aitotcevrei.ro\/artandcraft\/qr-code\/#breadcrumb\",\"itemListElement\":[{\"@type\":\"ListItem\",\"position\":1,\"name\":\"Home\",\"item\":\"https:\/\/aitotcevrei.ro\/artandcraft\/\"},{\"@type\":\"ListItem\",\"position\":2,\"name\":\"QR Code\"}]},{\"@type\":\"WebSite\",\"@id\":\"https:\/\/aitotcevrei.ro\/artandcraft\/#website\",\"url\":\"https:\/\/aitotcevrei.ro\/artandcraft\/\",\"name\":\"AiTotCeVrei\",\"description\":\"art and craft\",\"publisher\":{\"@id\":\"https:\/\/aitotcevrei.ro\/artandcraft\/#organization\"},\"potentialAction\":[{\"@type\":\"SearchAction\",\"target\":{\"@type\":\"EntryPoint\",\"urlTemplate\":\"https:\/\/aitotcevrei.ro\/artandcraft\/?s={search_term_string}\"},\"query-input\":\"required name=search_term_string\"}],\"inLanguage\":\"en-US\"},{\"@type\":\"Organization\",\"@id\":\"https:\/\/aitotcevrei.ro\/artandcraft\/#organization\",\"name\":\"AiTotCeVrei\",\"url\":\"https:\/\/aitotcevrei.ro\/artandcraft\/\",\"logo\":{\"@type\":\"ImageObject\",\"inLanguage\":\"en-US\",\"@id\":\"https:\/\/aitotcevrei.ro\/artandcraft\/#\/schema\/logo\/image\/\",\"url\":\"https:\/\/aitotcevrei.ro\/artandcraft\/wp-content\/uploads\/2023\/06\/siglaCREATIVEm.png\",\"contentUrl\":\"https:\/\/aitotcevrei.ro\/artandcraft\/wp-content\/uploads\/2023\/06\/siglaCREATIVEm.png\",\"width\":125,\"height\":136,\"caption\":\"AiTotCeVrei\"},\"image\":{\"@id\":\"https:\/\/aitotcevrei.ro\/artandcraft\/#\/schema\/logo\/image\/\"}}]}<\/script>\n<!-- \/ Yoast SEO plugin. -->","yoast_head_json":{"title":"QR Code - AiTotCeVrei","robots":{"index":"index","follow":"follow","max-snippet":"max-snippet:-1","max-image-preview":"max-image-preview:large","max-video-preview":"max-video-preview:-1"},"canonical":"https:\/\/aitotcevrei.ro\/artandcraft\/qr-code\/","og_locale":"en_US","og_type":"article","og_title":"QR Code - AiTotCeVrei","og_description":"Ce este si cum functioneaza? Un cod QR func\u021bioneaz\u0103 similar codurilor de bare din supermarket. Fiecare cod QR const\u0103 \u00een p\u0103trate negre \u0219i puncte care reprezint\u0103 diferite informa\u021bii. C\u00e2nd este scanat, modelul unic de pe codul de bare se traduce \u00een date care pot fi citite de om. Aceast\u0103 tranzac\u021bie are loc \u00een c\u00e2teva secunde.&hellip;","og_url":"https:\/\/aitotcevrei.ro\/artandcraft\/qr-code\/","og_site_name":"AiTotCeVrei","article_modified_time":"2023-07-02T16:06:38+00:00","og_image":[{"url":"https:\/\/aitotcevrei.ro\/artandcraft\/wp-content\/uploads\/2023\/06\/qr.jpg"}],"twitter_card":"summary_large_image","twitter_misc":{"Est. reading time":"2 minutes"},"schema":{"@context":"https:\/\/schema.org","@graph":[{"@type":"WebPage","@id":"https:\/\/aitotcevrei.ro\/artandcraft\/qr-code\/","url":"https:\/\/aitotcevrei.ro\/artandcraft\/qr-code\/","name":"QR Code - AiTotCeVrei","isPartOf":{"@id":"https:\/\/aitotcevrei.ro\/artandcraft\/#website"},"datePublished":"2023-06-29T09:40:56+00:00","dateModified":"2023-07-02T16:06:38+00:00","breadcrumb":{"@id":"https:\/\/aitotcevrei.ro\/artandcraft\/qr-code\/#breadcrumb"},"inLanguage":"en-US","potentialAction":[{"@type":"ReadAction","target":["https:\/\/aitotcevrei.ro\/artandcraft\/qr-code\/"]}]},{"@type":"BreadcrumbList","@id":"https:\/\/aitotcevrei.ro\/artandcraft\/qr-code\/#breadcrumb","itemListElement":[{"@type":"ListItem","position":1,"name":"Home","item":"https:\/\/aitotcevrei.ro\/artandcraft\/"},{"@type":"ListItem","position":2,"name":"QR Code"}]},{"@type":"WebSite","@id":"https:\/\/aitotcevrei.ro\/artandcraft\/#website","url":"https:\/\/aitotcevrei.ro\/artandcraft\/","name":"AiTotCeVrei","description":"art and craft","publisher":{"@id":"https:\/\/aitotcevrei.ro\/artandcraft\/#organization"},"potentialAction":[{"@type":"SearchAction","target":{"@type":"EntryPoint","urlTemplate":"https:\/\/aitotcevrei.ro\/artandcraft\/?s={search_term_string}"},"query-input":"required name=search_term_string"}],"inLanguage":"en-US"},{"@type":"Organization","@id":"https:\/\/aitotcevrei.ro\/artandcraft\/#organization","name":"AiTotCeVrei","url":"https:\/\/aitotcevrei.ro\/artandcraft\/","logo":{"@type":"ImageObject","inLanguage":"en-US","@id":"https:\/\/aitotcevrei.ro\/artandcraft\/#\/schema\/logo\/image\/","url":"https:\/\/aitotcevrei.ro\/artandcraft\/wp-content\/uploads\/2023\/06\/siglaCREATIVEm.png","contentUrl":"https:\/\/aitotcevrei.ro\/artandcraft\/wp-content\/uploads\/2023\/06\/siglaCREATIVEm.png","width":125,"height":136,"caption":"AiTotCeVrei"},"image":{"@id":"https:\/\/aitotcevrei.ro\/artandcraft\/#\/schema\/logo\/image\/"}}]}},"_links":{"self":[{"href":"https:\/\/aitotcevrei.ro\/artandcraft\/wp-json\/wp\/v2\/pages\/3672","targetHints":{"allow":["GET"]}}],"collection":[{"href":"https:\/\/aitotcevrei.ro\/artandcraft\/wp-json\/wp\/v2\/pages"}],"about":[{"href":"https:\/\/aitotcevrei.ro\/artandcraft\/wp-json\/wp\/v2\/types\/page"}],"author":[{"embeddable":true,"href":"https:\/\/aitotcevrei.ro\/artandcraft\/wp-json\/wp\/v2\/users\/1"}],"replies":[{"embeddable":true,"href":"https:\/\/aitotcevrei.ro\/artandcraft\/wp-json\/wp\/v2\/comments?post=3672"}],"version-history":[{"count":29,"href":"https:\/\/aitotcevrei.ro\/artandcraft\/wp-json\/wp\/v2\/pages\/3672\/revisions"}],"predecessor-version":[{"id":3885,"href":"https:\/\/aitotcevrei.ro\/artandcraft\/wp-json\/wp\/v2\/pages\/3672\/revisions\/3885"}],"wp:attachment":[{"href":"https:\/\/aitotcevrei.ro\/artandcraft\/wp-json\/wp\/v2\/media?parent=3672"}],"curies":[{"name":"wp","href":"https:\/\/api.w.org\/{rel}","templated":true}]}}