{"id":10,"date":"2023-06-27T14:11:40","date_gmt":"2023-06-27T14:11:40","guid":{"rendered":"https:\/\/aitotcevrei.ro\/artandcraft\/?page_id=10"},"modified":"2023-07-24T10:49:45","modified_gmt":"2023-07-24T10:49:45","slug":"refund_returns","status":"publish","type":"page","link":"https:\/\/aitotcevrei.ro\/artandcraft\/refund_returns\/","title":{"rendered":"Refund and Returns Policy"},"content":{"rendered":"<p><\/p><h3 class=\"wp-block-heading\">Overview<\/h3><p>Politica noastr\u0103 de rambursare \u0219i returnare dureaz\u0103 30 de zile. Dac\u0103 au trecut 30 de zile de la achizi\u021bie, nu v\u0103 putem oferi o rambursare complet\u0103 sau un schimb.<\/p><p>Pentru a fi eligibil pentru retur, articolul dumneavoastr\u0103 trebuie s\u0103 fie nefolosit \u0219i \u00een aceea\u0219i stare \u00een care l-a\u021bi primit. De asemenea, trebuie s\u0103 fie \u00een ambalajul original.<\/p><p><strong>Mai multe tipuri de bunuri sunt scutite de returnare<\/strong>. <\/p><p>Produse personalizate<\/p><p>Conform OUG 34\/2014, Art.16, lit.(c), Sunt exceptate de la dreptul de retragere prevazut la art. 9-15 in ceea ce priveste contractele la distanta si contractele in afara spatiilor comerciale urmatoarele: (c) furnizarea de produse confectionate dupa specificatiile prezentate de consumator sau personalizate in mod clar;<\/p><p>Articole suplimentare care nu pot fi returnate:<\/p><p>Carduri cadou<\/p><p>Produse software desc\u0103rcabile.<\/p><p>Unele articole de s\u0103n\u0103tate \u0219i \u00eengrijire personal\u0103<\/p><p>Pentru a finaliza returnarea, avem nevoie de o chitan\u021b\u0103 sau o dovad\u0103 de cump\u0103rare.<\/p><p><\/p><p>Exist\u0103 anumite situa\u021bii \u00een care se acord\u0103 doar ramburs\u0103ri par\u021biale:<\/p><p>Carte cu semne evidente de utilizare<\/p><p>CD, DVD, caset\u0103 VHS, software, joc video, caset\u0103 sau disc de vinil care a fost deschis.<\/p><p>Orice articol care nu se afl\u0103 \u00een starea sa original\u0103, este deteriorat sau lipse\u0219te piese din motive care nu se datoreaz\u0103 erorii noastre.<\/p><p>Orice articol care este returnat la mai mult de 30 de zile de la livrare<\/p><h2 class=\"wp-block-heading\">Refunds<\/h2><p>Odat\u0103 ce returnarea dvs. este primit\u0103 \u0219i inspectat\u0103, v\u0103 vom trimite un e-mail pentru a v\u0103 anun\u021ba c\u0103 am primit articolul returnat. De asemenea, v\u0103 vom anun\u021ba cu privire la aprobarea sau respingerea ramburs\u0103rii.<\/p><p>Dac\u0103 sunte\u021bi aprobat, rambursarea dvs. va fi procesat\u0103 \u0219i un credit va fi aplicat automat cardului dvs. de credit sau metodei ini\u021biale de plat\u0103, \u00eentr-un anumit num\u0103r de zile.<\/p><p><strong>Ramburs\u0103ri \u00eent\u00e2rziate sau lips\u0103<\/strong><\/p><p>Dac\u0103 nu a\u021bi primit \u00eenc\u0103 o rambursare, mai \u00eent\u00e2i verifica\u021bi din nou contul dvs. bancar.<\/p><p>Apoi contacta\u021bi compania dvs. de card de credit, poate dura ceva timp p\u00e2n\u0103 c\u00e2nd rambursarea dvs. este publicat\u0103 oficial.<\/p><p>Apoi contacta\u021bi banca dvs. Exist\u0103 adesea un timp de procesare \u00eenainte ca o rambursare s\u0103 fie postat\u0103.<\/p><p>Dac\u0103 a\u021bi f\u0103cut toate acestea \u0219i \u00eenc\u0103 nu a\u021bi primit rambursarea, v\u0103 rug\u0103m s\u0103 ne contacta\u021bi la office@aitotcevrei.ro<\/p><p><b>Sale items<\/b><\/p><p>Numai articolele cu pre\u021b obi\u0219nuit pot fi rambursate. <\/p><h2 class=\"wp-block-heading\">Exchanges<\/h2><p>\u00cenlocuim articolele numai dac\u0103 sunt defecte sau deteriorate. Dac\u0103 trebuie s\u0103 \u00eel schimba\u021bi cu acela\u0219i articol, trimite\u021bi-ne un e-mail la office@aitotcevrei.ro \u0219i trimite\u021bi articolul dvs. la adresa: oras Voluntari, str. Cpt Dinu Pestritu nr.52, jud Ilfov cod 077190<\/p><p>\u00cen func\u021bie de locul \u00een care locui\u021bi, timpul necesar pentru ca produsul dvs. schimbat s\u0103 ajung\u0103 la dvs. poate varia.<\/p><p><\/p><h2 class=\"wp-block-heading\">Shipping returns<\/h2><p>Pentru a  returna produsul, trebuie s\u0103 ne comunicati despre intentia dvs prin e-mail la office@aitotcevrei.ro, dupa care veti fi contactat telefonic de catre noi iar apoi trimite\u021bi produsul la adresa : oras Voluntari, str. Cpt Dinu Pestritu nr.52, jud Ilfov cod 077190<\/p><p>Ve\u021bi fi responsabil pentru plata  costurilor de transport pentru returnarea articolului. <\/p><p><\/p><p>Dac\u0103 returna\u021bi articole mai scumpe, v\u0103 recomand\u0103m s\u0103 utiliza\u021bi un serviciu de expediere urm\u0103ribil sau s\u0103 cump\u0103ra\u021bi o asigurare de transport. Nu v\u0103 garant\u0103m c\u0103 vom primi articolul returnat.<\/p><h2 class=\"wp-block-heading\">Need help?<\/h2><p>Nu ezitati sa ne contactati la office@aitotcevrei.ro  pentru intrebari legate de rambursari si returnari<\/p>","protected":false},"excerpt":{"rendered":"<p>Overview Politica noastr\u0103 de rambursare \u0219i returnare dureaz\u0103 30 de zile. Dac\u0103 au trecut 30 de zile de la achizi\u021bie, nu v\u0103 putem oferi o rambursare complet\u0103 sau un schimb. Pentru a fi eligibil pentru retur, articolul dumneavoastr\u0103 trebuie s\u0103 fie nefolosit \u0219i \u00een aceea\u0219i stare \u00een care l-a\u021bi primit. De asemenea, trebuie s\u0103 fie&hellip;<\/p>\n","protected":false},"author":1,"featured_media":0,"parent":0,"menu_order":0,"comment_status":"closed","ping_status":"closed","template":"","meta":{"footnotes":""},"class_list":["post-10","page","type-page","status-publish","hentry"],"yoast_head":"<!-- This site is optimized with the Yoast SEO plugin v20.12 - https:\/\/yoast.com\/wordpress\/plugins\/seo\/ -->\n<title>Refund and Returns Policy - AiTotCeVrei<\/title>\n<meta name=\"robots\" content=\"index, follow, max-snippet:-1, max-image-preview:large, max-video-preview:-1\" \/>\n<link rel=\"canonical\" href=\"https:\/\/aitotcevrei.ro\/artandcraft\/refund_returns\/\" \/>\n<meta property=\"og:locale\" content=\"en_US\" \/>\n<meta property=\"og:type\" content=\"article\" \/>\n<meta property=\"og:title\" content=\"Refund and Returns Policy - AiTotCeVrei\" \/>\n<meta property=\"og:description\" content=\"Overview Politica noastr\u0103 de rambursare \u0219i returnare dureaz\u0103 30 de zile. Dac\u0103 au trecut 30 de zile de la achizi\u021bie, nu v\u0103 putem oferi o rambursare complet\u0103 sau un schimb. Pentru a fi eligibil pentru retur, articolul dumneavoastr\u0103 trebuie s\u0103 fie nefolosit \u0219i \u00een aceea\u0219i stare \u00een care l-a\u021bi primit. De asemenea, trebuie s\u0103 fie&hellip;\" \/>\n<meta property=\"og:url\" content=\"https:\/\/aitotcevrei.ro\/artandcraft\/refund_returns\/\" \/>\n<meta property=\"og:site_name\" content=\"AiTotCeVrei\" \/>\n<meta property=\"article:modified_time\" content=\"2023-07-24T10:49:45+00:00\" \/>\n<meta name=\"twitter:card\" content=\"summary_large_image\" \/>\n<meta name=\"twitter:label1\" content=\"Est. reading time\" \/>\n\t<meta name=\"twitter:data1\" content=\"3 minutes\" \/>\n<script type=\"application\/ld+json\" class=\"yoast-schema-graph\">{\"@context\":\"https:\/\/schema.org\",\"@graph\":[{\"@type\":\"WebPage\",\"@id\":\"https:\/\/aitotcevrei.ro\/artandcraft\/refund_returns\/\",\"url\":\"https:\/\/aitotcevrei.ro\/artandcraft\/refund_returns\/\",\"name\":\"Refund and Returns Policy - AiTotCeVrei\",\"isPartOf\":{\"@id\":\"https:\/\/aitotcevrei.ro\/artandcraft\/#website\"},\"datePublished\":\"2023-06-27T14:11:40+00:00\",\"dateModified\":\"2023-07-24T10:49:45+00:00\",\"breadcrumb\":{\"@id\":\"https:\/\/aitotcevrei.ro\/artandcraft\/refund_returns\/#breadcrumb\"},\"inLanguage\":\"en-US\",\"potentialAction\":[{\"@type\":\"ReadAction\",\"target\":[\"https:\/\/aitotcevrei.ro\/artandcraft\/refund_returns\/\"]}]},{\"@type\":\"BreadcrumbList\",\"@id\":\"https:\/\/aitotcevrei.ro\/artandcraft\/refund_returns\/#breadcrumb\",\"itemListElement\":[{\"@type\":\"ListItem\",\"position\":1,\"name\":\"Home\",\"item\":\"https:\/\/aitotcevrei.ro\/artandcraft\/\"},{\"@type\":\"ListItem\",\"position\":2,\"name\":\"Refund and Returns Policy\"}]},{\"@type\":\"WebSite\",\"@id\":\"https:\/\/aitotcevrei.ro\/artandcraft\/#website\",\"url\":\"https:\/\/aitotcevrei.ro\/artandcraft\/\",\"name\":\"AiTotCeVrei\",\"description\":\"art and craft\",\"publisher\":{\"@id\":\"https:\/\/aitotcevrei.ro\/artandcraft\/#organization\"},\"potentialAction\":[{\"@type\":\"SearchAction\",\"target\":{\"@type\":\"EntryPoint\",\"urlTemplate\":\"https:\/\/aitotcevrei.ro\/artandcraft\/?s={search_term_string}\"},\"query-input\":\"required name=search_term_string\"}],\"inLanguage\":\"en-US\"},{\"@type\":\"Organization\",\"@id\":\"https:\/\/aitotcevrei.ro\/artandcraft\/#organization\",\"name\":\"AiTotCeVrei\",\"url\":\"https:\/\/aitotcevrei.ro\/artandcraft\/\",\"logo\":{\"@type\":\"ImageObject\",\"inLanguage\":\"en-US\",\"@id\":\"https:\/\/aitotcevrei.ro\/artandcraft\/#\/schema\/logo\/image\/\",\"url\":\"https:\/\/aitotcevrei.ro\/artandcraft\/wp-content\/uploads\/2023\/06\/siglaCREATIVEm.png\",\"contentUrl\":\"https:\/\/aitotcevrei.ro\/artandcraft\/wp-content\/uploads\/2023\/06\/siglaCREATIVEm.png\",\"width\":125,\"height\":136,\"caption\":\"AiTotCeVrei\"},\"image\":{\"@id\":\"https:\/\/aitotcevrei.ro\/artandcraft\/#\/schema\/logo\/image\/\"}}]}<\/script>\n<!-- \/ Yoast SEO plugin. -->","yoast_head_json":{"title":"Refund and Returns Policy - AiTotCeVrei","robots":{"index":"index","follow":"follow","max-snippet":"max-snippet:-1","max-image-preview":"max-image-preview:large","max-video-preview":"max-video-preview:-1"},"canonical":"https:\/\/aitotcevrei.ro\/artandcraft\/refund_returns\/","og_locale":"en_US","og_type":"article","og_title":"Refund and Returns Policy - AiTotCeVrei","og_description":"Overview Politica noastr\u0103 de rambursare \u0219i returnare dureaz\u0103 30 de zile. Dac\u0103 au trecut 30 de zile de la achizi\u021bie, nu v\u0103 putem oferi o rambursare complet\u0103 sau un schimb. Pentru a fi eligibil pentru retur, articolul dumneavoastr\u0103 trebuie s\u0103 fie nefolosit \u0219i \u00een aceea\u0219i stare \u00een care l-a\u021bi primit. De asemenea, trebuie s\u0103 fie&hellip;","og_url":"https:\/\/aitotcevrei.ro\/artandcraft\/refund_returns\/","og_site_name":"AiTotCeVrei","article_modified_time":"2023-07-24T10:49:45+00:00","twitter_card":"summary_large_image","twitter_misc":{"Est. reading time":"3 minutes"},"schema":{"@context":"https:\/\/schema.org","@graph":[{"@type":"WebPage","@id":"https:\/\/aitotcevrei.ro\/artandcraft\/refund_returns\/","url":"https:\/\/aitotcevrei.ro\/artandcraft\/refund_returns\/","name":"Refund and Returns Policy - AiTotCeVrei","isPartOf":{"@id":"https:\/\/aitotcevrei.ro\/artandcraft\/#website"},"datePublished":"2023-06-27T14:11:40+00:00","dateModified":"2023-07-24T10:49:45+00:00","breadcrumb":{"@id":"https:\/\/aitotcevrei.ro\/artandcraft\/refund_returns\/#breadcrumb"},"inLanguage":"en-US","potentialAction":[{"@type":"ReadAction","target":["https:\/\/aitotcevrei.ro\/artandcraft\/refund_returns\/"]}]},{"@type":"BreadcrumbList","@id":"https:\/\/aitotcevrei.ro\/artandcraft\/refund_returns\/#breadcrumb","itemListElement":[{"@type":"ListItem","position":1,"name":"Home","item":"https:\/\/aitotcevrei.ro\/artandcraft\/"},{"@type":"ListItem","position":2,"name":"Refund and Returns Policy"}]},{"@type":"WebSite","@id":"https:\/\/aitotcevrei.ro\/artandcraft\/#website","url":"https:\/\/aitotcevrei.ro\/artandcraft\/","name":"AiTotCeVrei","description":"art and craft","publisher":{"@id":"https:\/\/aitotcevrei.ro\/artandcraft\/#organization"},"potentialAction":[{"@type":"SearchAction","target":{"@type":"EntryPoint","urlTemplate":"https:\/\/aitotcevrei.ro\/artandcraft\/?s={search_term_string}"},"query-input":"required name=search_term_string"}],"inLanguage":"en-US"},{"@type":"Organization","@id":"https:\/\/aitotcevrei.ro\/artandcraft\/#organization","name":"AiTotCeVrei","url":"https:\/\/aitotcevrei.ro\/artandcraft\/","logo":{"@type":"ImageObject","inLanguage":"en-US","@id":"https:\/\/aitotcevrei.ro\/artandcraft\/#\/schema\/logo\/image\/","url":"https:\/\/aitotcevrei.ro\/artandcraft\/wp-content\/uploads\/2023\/06\/siglaCREATIVEm.png","contentUrl":"https:\/\/aitotcevrei.ro\/artandcraft\/wp-content\/uploads\/2023\/06\/siglaCREATIVEm.png","width":125,"height":136,"caption":"AiTotCeVrei"},"image":{"@id":"https:\/\/aitotcevrei.ro\/artandcraft\/#\/schema\/logo\/image\/"}}]}},"_links":{"self":[{"href":"https:\/\/aitotcevrei.ro\/artandcraft\/wp-json\/wp\/v2\/pages\/10","targetHints":{"allow":["GET"]}}],"collection":[{"href":"https:\/\/aitotcevrei.ro\/artandcraft\/wp-json\/wp\/v2\/pages"}],"about":[{"href":"https:\/\/aitotcevrei.ro\/artandcraft\/wp-json\/wp\/v2\/types\/page"}],"author":[{"embeddable":true,"href":"https:\/\/aitotcevrei.ro\/artandcraft\/wp-json\/wp\/v2\/users\/1"}],"replies":[{"embeddable":true,"href":"https:\/\/aitotcevrei.ro\/artandcraft\/wp-json\/wp\/v2\/comments?post=10"}],"version-history":[{"count":4,"href":"https:\/\/aitotcevrei.ro\/artandcraft\/wp-json\/wp\/v2\/pages\/10\/revisions"}],"predecessor-version":[{"id":4227,"href":"https:\/\/aitotcevrei.ro\/artandcraft\/wp-json\/wp\/v2\/pages\/10\/revisions\/4227"}],"wp:attachment":[{"href":"https:\/\/aitotcevrei.ro\/artandcraft\/wp-json\/wp\/v2\/media?parent=10"}],"curies":[{"name":"wp","href":"https:\/\/api.w.org\/{rel}","templated":true}]}}